{"id":8,"date":"2017-10-12T11:32:50","date_gmt":"2017-10-12T09:32:50","guid":{"rendered":"http:\/\/letempledubienetrechezsylvie.com\/?page_id=8"},"modified":"2025-08-17T13:28:43","modified_gmt":"2025-08-17T11:28:43","slug":"a-propos-de","status":"publish","type":"page","link":"https:\/\/letempledubienetrechezsylvie.com\/?page_id=8","title":{"rendered":"Soin de gu\u00e9rison ancestral Ho&rsquo;oponopono"},"content":{"rendered":"\n<div class=\"wp-block-media-text alignwide is-stacked-on-mobile\" style=\"grid-template-columns:85% auto\"><figure class=\"wp-block-media-text__media\"><img decoding=\"async\" loading=\"lazy\" width=\"891\" height=\"257\" src=\"http:\/\/letempledubienetrechezsylvie.com\/wp-content\/uploads\/2020\/09\/Hooponopono-d\u00e9coup\u00e9.jpg\" alt=\"\" class=\"wp-image-939 size-full\" srcset=\"https:\/\/letempledubienetrechezsylvie.com\/wp-content\/uploads\/2020\/09\/Hooponopono-d\u00e9coup\u00e9.jpg 891w, https:\/\/letempledubienetrechezsylvie.com\/wp-content\/uploads\/2020\/09\/Hooponopono-d\u00e9coup\u00e9-300x87.jpg 300w, https:\/\/letempledubienetrechezsylvie.com\/wp-content\/uploads\/2020\/09\/Hooponopono-d\u00e9coup\u00e9-768x222.jpg 768w\" sizes=\"(max-width: 767px) 89vw, (max-width: 1000px) 54vw, (max-width: 1071px) 543px, 580px\" \/><\/figure><div class=\"wp-block-media-text__content\">\n<p><\/p>\n<\/div><\/div>\n\n\n\n<p><\/p>\n\n\n<p><b>JE SUIS DESOLE(E), PARDONNE-MOI S&rsquo;IL TE PLA\u00ceT, MERCI, JE T&rsquo;AIME<\/b><\/p>\n<p><b>D\u00e9couvrez ma m\u00e9thode que je nomme \u00ab\u00a0R.E.L.A.P.S.S\u00a0\u00bb.\u00a0 Cette m\u00e9thode, issue de la bio\u00e9nergie, permet de vous lib\u00e9rer de vos maux physiques (migraines, maladie de peau, maux de dos, de ventre&#8230;) et psychiques (peur, angoisse, col\u00e8re, stress&#8230;).<\/b><\/p>\n<h2><span style=\"color: #800080;\"><strong>NOUVEAU !:<\/strong><\/span>\u00a0<span style=\"color: #800080;\"><strong>soin sonore aux bols chantants (cristal et tib\u00e9tains)avec les \u00e9l\u00e9ments (eau, terre, air, feu) dans une ambiance auditive de nature luxuriante; conf\u00e8re ma boutique en ligne\ud83d\ude0a\ud83e\udd19<\/strong><\/span><\/h2>\n<p><span style=\"color: #0000ff;\"><strong><u>Avec Ho&rsquo;oponopono<\/u>:<\/strong><\/span><\/p>\n<p><span style=\"color: #0000ff;\"><strong>Petit historique\u00a0<\/strong>:<\/span><\/p>\n<p><strong><span style=\"color: #0000ff;\"><em>La philosophie Hawa\u00efenne part du principe qu&rsquo;il est n\u00e9cessaire de garder un \u00e9quilibre entre la sant\u00e9 du corps et celle de l\u2019esprit. Nos modes de pens\u00e9es actuelles ne nous permettent pas d\u2019\u00eatre dans l\u2019acceptation de ce qui arrive afin d&rsquo;\u00eatre pr\u00e9sent et r\u00e9ceptif aux solutions. Notre esprit est brid\u00e9 par notre \u00e9go et nous fait entretenir des croyances n\u00e9gatives : ce sont des croyances dites\u00a0 \u00ab\u00a0limitantes\u00a0\u00bb. Par exemple \u00ab\u00a0il faut travailler dur pour gagner sa vie\u00a0\u00bb.<\/em><\/span><\/strong><\/p>\n<p><span style=\"color: #800080;\"><em>Petite r\u00e9f\u00e9rence \u00e0 notre sport national qui est le rugby; la \u00ab\u00a0<strong>Patia mania<\/strong>\u00a0\u00bb import\u00e9 par la culture des \u00eeles du pacifique (Joe T\u00e9kori) s\u2019impose dans le monde entier (dans le football am\u00e9ricain, \u00e0 la cour d\u2019Angleterre). Le mot \u00ab\u00a0<strong>Patia<\/strong>\u00a0\u00bb signifie frotter, on peut le traduire comme faire monter l\u2019\u00e9nergie positive en se r\u00e9unissant dans un moment de partage.<\/em><\/span><\/p>\n<h4 class=\"parag\"><span style=\"color: #800080;\">Il existe \u00e9galement 7 lois naturelles Hawa\u00efennes nomm\u00e9es\u00a0\u00bbHUNA\u00a0\u00bb:<\/span><\/h4>\n<h4><span style=\"color: #800080;\">1\/La premi\u00e8re est \u00ab\u00a0IKE\u00a0\u00bb (conscience que le monde est tel que vous pensez qu&rsquo;il est)<\/span><\/h4>\n<h4><span style=\"color: #800080;\">2\/La seconde est \u00ab\u00a0KALA\u00a0\u00bb (libert\u00e9, tout est possible, il n&rsquo;y a pas de limites), etc&#8230;<\/span><\/h4>\n<h4><span style=\"color: #800080;\">Je propose un audio de m\u00e9ditation de 20 minutes \u00e0 ce sujet (me demander par mail ou t\u00e9l\u00e9phone; tarif 22,22\u20ac).<\/span><\/h4>\n<p>\u00a0<\/p>\n<p><span style=\"color: #800080;\"><em style=\"font-size: 1rem;\"><strong><u>Nos m\u00e9moires inconscientes, karmiques, transg\u00e9n\u00e9rationnelles <\/u>:<\/strong>\u00a0<\/em><\/span><\/p>\n<div class=\"parag\">\n<p><strong><span style=\"color: #800080;\"><em>Il r\u00e9side dans notre inconscient de nombreuses m\u00e9moires; celles-ci se sont accumul\u00e9s lors de nos incarnations. Les n\u00e9gatives peuvent engendrer de nombreux maux physiques (les migraines, douleurs dorsales, lombaires ou cervicales \u2026etc) et\/ou psychiques (les \u00e9motions telles que les peurs, les angoisses, la col\u00e8re&#8230;etc). Elles surviennent pour nous montrer que quelque chose en nous dysfonctionne ; l&rsquo;origine de ces maux r\u00e9side dans nos centres \u00e9nerg\u00e9tiques, autrement dit nos chakras. Nous attirons de ce fait des m\u00e9moires \u00e9quivalentes comme dans un miroir si nous nous d\u00e9barrassons pas de ces \u00ab\u00a0toxiques\u00a0\u00bb\u2026<\/em><\/span><\/strong><\/p>\n<\/div>\n<p><span style=\"color: #ff00ff;\"><em style=\"font-size: 1rem;\"><strong><u>La lib\u00e9ration par la lecture des m\u00e9moires toxiques dans vos chakras<\/u>:<\/strong>\u00a0<\/em><\/span><\/p>\n<div class=\"parag\">\n<p><strong><span style=\"color: #ff00ff;\"><em>Il est temps d&rsquo;agir pour s\u2019affranchir de tous ces maux qui empoisonnent notre vie. La m\u00e9thode \u00ab\u00a0R.E.L.A.P.S.S\u00a0\u00bb avec Ho&rsquo;oponopono que j&rsquo;utilise \u00e0 l&rsquo;aide de l&rsquo;imposition de mes mains, vous aide \u00e0 nettoyer ces toxiques qui r\u00e9sident en nous dans nos centres \u00e9nerg\u00e9tiques (appel\u00e9s plus commun\u00e9ment les chakras) ; je proc\u00e8de \u00e0 une lecture dans les anales akashiques ; gr\u00e2ce \u00e0 ce processus quantique, je lib\u00e8re les m\u00e9moires limitantes (inconscientes) de nos vies pass\u00e9es (que ce soit d&rsquo;un point de vue karmique, et\/ou transg\u00e9n\u00e9rationnel). A la suite du soin, nos symptomes\/maux disparaissent de notre vie!\u00a0 fini le \u00ab\u00a0stress\u00a0\u00bb et vive la s\u00e9r\u00e9nit\u00e9!\u00a0<\/em><\/span><\/strong><\/p>\n<p><span style=\"color: #000080;\"><strong><em>Exemples de maux qui peuvent \u00eatre soulag\u00e9s, voir dispara\u00eetre:<\/em><\/strong><\/span><\/p>\n<p><span style=\"color: #000080;\"><strong><em><img decoding=\"async\" loading=\"lazy\" class=\"alignnone  wp-image-74\" src=\"http:\/\/letempledubienetrechezsylvie.com\/wp-content\/uploads\/2017\/10\/cropped-fleur-tiar\u00e9-2.jpg\" alt=\"\" width=\"26\" height=\"23\" \/>C\u00e9phal\u00e9es, migraines<\/em><\/strong><\/span><\/p>\n<\/div>\n<div class=\"parag\">\n<p><span style=\"color: #000080;\"><strong><em><img decoding=\"async\" loading=\"lazy\" class=\"alignnone  wp-image-74\" src=\"http:\/\/letempledubienetrechezsylvie.com\/wp-content\/uploads\/2017\/10\/cropped-fleur-tiar\u00e9-2.jpg\" alt=\"\" width=\"26\" height=\"23\" \/>Probl\u00e8mes circulatoires<\/em><\/strong><em><strong>-Insomnies<\/strong><\/em><\/span><\/p>\n<p><strong><span style=\"color: #000080;\"><em><img decoding=\"async\" loading=\"lazy\" class=\"alignnone  wp-image-74\" src=\"http:\/\/letempledubienetrechezsylvie.com\/wp-content\/uploads\/2017\/10\/cropped-fleur-tiar\u00e9-2.jpg\" alt=\"\" width=\"26\" height=\"23\" \/><\/em>Probl\u00e8mes cutan\u00e9s (eczema, psoriasis, etc&#8230;)<\/span><\/strong><\/p>\n<p><strong><span style=\"color: #000080;\"><em><img decoding=\"async\" loading=\"lazy\" class=\"alignnone  wp-image-74\" src=\"http:\/\/letempledubienetrechezsylvie.com\/wp-content\/uploads\/2017\/10\/cropped-fleur-tiar\u00e9-2.jpg\" alt=\"\" width=\"26\" height=\"23\" \/>Faiblesse du syst\u00e8me immunitaire<\/em><\/span><\/strong><\/p>\n<p><strong><span style=\"color: #000080;\"><em><img decoding=\"async\" loading=\"lazy\" class=\"alignnone  wp-image-74\" src=\"http:\/\/letempledubienetrechezsylvie.com\/wp-content\/uploads\/2017\/10\/cropped-fleur-tiar\u00e9-2.jpg\" alt=\"\" width=\"26\" height=\"23\" \/>D\u00e9pression, traumatismes<\/em><\/span><\/strong><\/p>\n<p><strong><span style=\"color: #000080;\"><em><img decoding=\"async\" loading=\"lazy\" class=\"alignnone  wp-image-74\" src=\"http:\/\/letempledubienetrechezsylvie.com\/wp-content\/uploads\/2017\/10\/cropped-fleur-tiar\u00e9-2.jpg\" alt=\"\" width=\"26\" height=\"23\" \/>Blocages de toute sorte<\/em><\/span><\/strong><\/p>\n<p><strong><span style=\"color: #000080;\"><em><img decoding=\"async\" loading=\"lazy\" class=\"alignnone  wp-image-74\" src=\"http:\/\/letempledubienetrechezsylvie.com\/wp-content\/uploads\/2017\/10\/cropped-fleur-tiar\u00e9-2.jpg\" alt=\"\" width=\"26\" height=\"23\" \/>Deuils<\/em><\/span><\/strong><\/p>\n<p><strong><span style=\"color: #000080;\"><em><img decoding=\"async\" loading=\"lazy\" class=\"alignnone  wp-image-74\" src=\"http:\/\/letempledubienetrechezsylvie.com\/wp-content\/uploads\/2017\/10\/cropped-fleur-tiar\u00e9-2.jpg\" alt=\"\" width=\"26\" height=\"23\" \/>Manque de confiance en soi<\/em><\/span><\/strong><\/p>\n<p><strong><span style=\"color: #000080;\"><em><img decoding=\"async\" loading=\"lazy\" class=\"alignnone  wp-image-74\" src=\"http:\/\/letempledubienetrechezsylvie.com\/wp-content\/uploads\/2017\/10\/cropped-fleur-tiar\u00e9-2.jpg\" alt=\"\" width=\"26\" height=\"23\" \/>Dis-fonctionnement des organes internes<\/em><\/span><\/strong><\/p>\n<p><strong><span style=\"color: #000080;\"><em><img decoding=\"async\" loading=\"lazy\" class=\"alignnone  wp-image-74\" src=\"http:\/\/letempledubienetrechezsylvie.com\/wp-content\/uploads\/2017\/10\/cropped-fleur-tiar\u00e9-2.jpg\" alt=\"\" width=\"26\" height=\"23\" \/>Blocages psychiques (peurs, angoisses, phobies&#8230;etc)<\/em><\/span><\/strong><\/p>\n<p><strong><span style=\"color: #000080;\"><em><img decoding=\"async\" loading=\"lazy\" class=\"alignnone  wp-image-74\" src=\"http:\/\/letempledubienetrechezsylvie.com\/wp-content\/uploads\/2017\/10\/cropped-fleur-tiar\u00e9-2.jpg\" alt=\"\" width=\"26\" height=\"23\" \/>Abus<\/em><\/span><\/strong><\/p>\n<div><span style=\"color: #000080;\"><em style=\"font-size: 1rem;\"><strong><u>Ma m\u00e9thode \u00e9nerg\u00e9tique nomm\u00e9e R.E.L.A.P.S.S\u00a0<\/u>:<\/strong><\/em><\/span><\/div>\n<\/div>\n<p><span style=\"color: #000080;\"><em><strong>Signification des lettres\u00a0:<\/strong><\/em><\/span><\/p>\n<p><em><span style=\"color: #ff0000;\"><strong><u>R<\/u><\/strong>\u00a0comme r\u00e9g\u00e9n\u00e9rer (nos cellules)<\/span><\/em><br \/><em><span style=\"color: #ff6600;\"> <strong><u>E<\/u><\/strong><\/span>\u00a0<span style=\"color: #ff6600;\">comme \u00e9liminer (nos croyances limitantes ; cf la philosophie ho\u2019oponopono)<\/span><\/em><br \/><em><span style=\"color: #ffff00;\"> <strong><u>L<\/u><\/strong><\/span>\u00a0<span style=\"color: #ff9900;\">comme lib\u00e9rer (les m\u00e9moires n\u00e9gatives)<\/span><\/em><br \/><em><span style=\"color: #249c11;\"> <strong><u>A<\/u><\/strong><\/span>\u00a0<span style=\"color: #339966;\">comme am\u00e9liorer (notre sant\u00e9 physique et mentale)<\/span><\/em><br \/><em><span style=\"color: #00ccff;\"> <strong><u>P<\/u><\/strong><\/span>\u00a0<span style=\"color: #3366ff;\">comme pr\u00e9venir (les maux, les maladies)<\/span><\/em><br \/><em><span style=\"color: #993366;\"> <strong><u>S<\/u><\/strong><\/span>\u00a0<span style=\"color: #993366;\">comme stimuler (notre syst\u00e8me immunitaire<\/span>)<\/em><br \/><em><span style=\"color: #ff00ff;\"> <strong><u>S<\/u><\/strong>\u00a0<\/span><strong><span style=\"color: #cc99ff;\"><span style=\"color: #ff00ff;\">comme Sylvie<\/span>\u00a0<\/span><\/strong><\/em><\/p>\n<p><span style=\"color: #0000ff;\"><em><strong>Avec Sylvie, ensoleillez votre vie ! Retrouvez la paix ici et maintenant !<\/strong><\/em><\/span><\/p>\n\n\n<h2 class=\"wp-block-heading\"><\/h2>\n","protected":false},"excerpt":{"rendered":"<p>JE SUIS DESOLE(E), PARDONNE-MOI S&rsquo;IL TE PLA\u00ceT, MERCI, JE T&rsquo;AIME D\u00e9couvrez ma m\u00e9thode que je nomme \u00ab\u00a0R.E.L.A.P.S.S\u00a0\u00bb.\u00a0 Cette m\u00e9thode, issue de la bio\u00e9nergie, permet de vous lib\u00e9rer de vos maux physiques (migraines, maladie de peau, maux de dos, de ventre&#8230;) et psychiques (peur, angoisse, col\u00e8re, stress&#8230;). NOUVEAU !:\u00a0soin sonore aux bols chantants (cristal et tib\u00e9tains)avec &hellip; <\/p>\n<p class=\"link-more\"><a href=\"https:\/\/letempledubienetrechezsylvie.com\/?page_id=8\" class=\"more-link\">Continuer la lecture<span class=\"screen-reader-text\"> de &laquo;&nbsp;Soin de gu\u00e9rison ancestral Ho&rsquo;oponopono&nbsp;&raquo;<\/span><\/a><\/p>\n","protected":false},"author":1,"featured_media":0,"parent":0,"menu_order":0,"comment_status":"closed","ping_status":"closed","template":"","meta":[],"_links":{"self":[{"href":"https:\/\/letempledubienetrechezsylvie.com\/index.php?rest_route=\/wp\/v2\/pages\/8"}],"collection":[{"href":"https:\/\/letempledubienetrechezsylvie.com\/index.php?rest_route=\/wp\/v2\/pages"}],"about":[{"href":"https:\/\/letempledubienetrechezsylvie.com\/index.php?rest_route=\/wp\/v2\/types\/page"}],"author":[{"embeddable":true,"href":"https:\/\/letempledubienetrechezsylvie.com\/index.php?rest_route=\/wp\/v2\/users\/1"}],"replies":[{"embeddable":true,"href":"https:\/\/letempledubienetrechezsylvie.com\/index.php?rest_route=%2Fwp%2Fv2%2Fcomments&post=8"}],"version-history":[{"count":67,"href":"https:\/\/letempledubienetrechezsylvie.com\/index.php?rest_route=\/wp\/v2\/pages\/8\/revisions"}],"predecessor-version":[{"id":1945,"href":"https:\/\/letempledubienetrechezsylvie.com\/index.php?rest_route=\/wp\/v2\/pages\/8\/revisions\/1945"}],"wp:attachment":[{"href":"https:\/\/letempledubienetrechezsylvie.com\/index.php?rest_route=%2Fwp%2Fv2%2Fmedia&parent=8"}],"curies":[{"name":"wp","href":"https:\/\/api.w.org\/{rel}","templated":true}]}}