{"id":718,"date":"2019-09-05T17:12:23","date_gmt":"2019-09-05T15:12:23","guid":{"rendered":"http:\/\/letempledubienetrechezsylvie.com\/?page_id=718"},"modified":"2019-09-05T19:24:37","modified_gmt":"2019-09-05T17:24:37","slug":"temoignages","status":"publish","type":"page","link":"https:\/\/letempledubienetrechezsylvie.com\/?page_id=718","title":{"rendered":"T\u00e9moignages"},"content":{"rendered":"<h1><strong><em>T\u00e9moignages au Temple du bien-\u00eatre chez Sylvie!<\/em><\/strong><\/h1>\n<h2><a href=\"https:\/\/youtu.be\/ItWlAOOc-JM\"><strong><em>https:\/\/youtu.be\/ItWlAOOc-JM<\/em><\/strong><\/a><\/h2>\n<p>&nbsp;<\/p>\n<p><iframe loading=\"lazy\" src=\"https:\/\/www.youtube.com\/embed\/ItWlAOOc-JM\" width=\"640\" height=\"480\" frameborder=\"0\" allowfullscreen=\"allowfullscreen\"><\/iframe><\/p>\n","protected":false},"excerpt":{"rendered":"<p>T\u00e9moignages au Temple du bien-\u00eatre chez Sylvie! https:\/\/youtu.be\/ItWlAOOc-JM &nbsp;<\/p>\n","protected":false},"author":1,"featured_media":0,"parent":0,"menu_order":0,"comment_status":"closed","ping_status":"closed","template":"","meta":[],"_links":{"self":[{"href":"https:\/\/letempledubienetrechezsylvie.com\/index.php?rest_route=\/wp\/v2\/pages\/718"}],"collection":[{"href":"https:\/\/letempledubienetrechezsylvie.com\/index.php?rest_route=\/wp\/v2\/pages"}],"about":[{"href":"https:\/\/letempledubienetrechezsylvie.com\/index.php?rest_route=\/wp\/v2\/types\/page"}],"author":[{"embeddable":true,"href":"https:\/\/letempledubienetrechezsylvie.com\/index.php?rest_route=\/wp\/v2\/users\/1"}],"replies":[{"embeddable":true,"href":"https:\/\/letempledubienetrechezsylvie.com\/index.php?rest_route=%2Fwp%2Fv2%2Fcomments&post=718"}],"version-history":[{"count":4,"href":"https:\/\/letempledubienetrechezsylvie.com\/index.php?rest_route=\/wp\/v2\/pages\/718\/revisions"}],"predecessor-version":[{"id":725,"href":"https:\/\/letempledubienetrechezsylvie.com\/index.php?rest_route=\/wp\/v2\/pages\/718\/revisions\/725"}],"wp:attachment":[{"href":"https:\/\/letempledubienetrechezsylvie.com\/index.php?rest_route=%2Fwp%2Fv2%2Fmedia&parent=718"}],"curies":[{"name":"wp","href":"https:\/\/api.w.org\/{rel}","templated":true}]}}