{"id":559,"date":"2018-10-15T18:13:07","date_gmt":"2018-10-15T16:13:07","guid":{"rendered":"http:\/\/letempledubienetrechezsylvie.com\/?page_id=559"},"modified":"2020-05-21T18:40:38","modified_gmt":"2020-05-21T16:40:38","slug":"vos-evenements-2","status":"publish","type":"page","link":"https:\/\/letempledubienetrechezsylvie.com\/?page_id=559","title":{"rendered":"Pour tous vos \u00e9v\u00e9nements"},"content":{"rendered":"<h3 style=\"text-align: center;\"><em><strong>A<\/strong>loha!<\/em><\/h3>\n<p><img decoding=\"async\" loading=\"lazy\" class=\"aligncenter wp-image-923 size-medium\" src=\"http:\/\/letempledubienetrechezsylvie.com\/wp-content\/uploads\/2020\/05\/Temple-mobile-3-2-300x225.png\" alt=\"\" width=\"300\" height=\"225\" srcset=\"https:\/\/letempledubienetrechezsylvie.com\/wp-content\/uploads\/2020\/05\/Temple-mobile-3-2-300x225.png 300w, https:\/\/letempledubienetrechezsylvie.com\/wp-content\/uploads\/2020\/05\/Temple-mobile-3-2-1024x768.png 1024w, https:\/\/letempledubienetrechezsylvie.com\/wp-content\/uploads\/2020\/05\/Temple-mobile-3-2-768x576.png 768w, https:\/\/letempledubienetrechezsylvie.com\/wp-content\/uploads\/2020\/05\/Temple-mobile-3-2-1536x1152.png 1536w, https:\/\/letempledubienetrechezsylvie.com\/wp-content\/uploads\/2020\/05\/Temple-mobile-3-2-2048x1536.png 2048w\" sizes=\"(max-width: 300px) 100vw, 300px\" \/><\/p>\n<p><img decoding=\"async\" loading=\"lazy\" class=\"aligncenter wp-image-924 size-medium\" src=\"http:\/\/letempledubienetrechezsylvie.com\/wp-content\/uploads\/2020\/05\/Temple-mobile-225x300.png\" alt=\"\" width=\"225\" height=\"300\" srcset=\"https:\/\/letempledubienetrechezsylvie.com\/wp-content\/uploads\/2020\/05\/Temple-mobile-225x300.png 225w, https:\/\/letempledubienetrechezsylvie.com\/wp-content\/uploads\/2020\/05\/Temple-mobile-768x1024.png 768w, https:\/\/letempledubienetrechezsylvie.com\/wp-content\/uploads\/2020\/05\/Temple-mobile-1152x1536.png 1152w, https:\/\/letempledubienetrechezsylvie.com\/wp-content\/uploads\/2020\/05\/Temple-mobile-1536x2048.png 1536w\" sizes=\"(max-width: 225px) 100vw, 225px\" \/><\/p>\n<p><em style=\"font-size: 1rem;\">Le \u00ab\u00a0Temple du bien-\u00eatre chez Sylvie\u00a0\u00bb se d\u00e9place! gr\u00e2ce \u00e0 ma \u00ab\u00a0<span style=\"color: #ff00ff;\">Temple <span style=\"color: #00ccff;\">mobile<\/span><\/span>\u00a0\u00bb je peux vous proposer des journ\u00e9es ou des apr\u00e8s-midi\u00a0 \u00ab\u00a0massage Hawa\u00efen Lomi-lomi\u00a0\u00bb pour vos <\/em><em style=\"font-size: 1rem;\">\u00e9v\u00e9nements\u00a0! tels que:<\/em><\/p>\n<p style=\"text-align: center;\"><span style=\"color: #0000ff;\"><strong><em>Vos s\u00e9minaires<\/em><\/strong><\/span><em>\u00a0<\/em><img decoding=\"async\" loading=\"lazy\" class=\"wp-image-565 size-thumbnail aligncenter\" src=\"http:\/\/letempledubienetrechezsylvie.com\/wp-content\/uploads\/2018\/10\/images-s\u00e9minaires-150x150.jpg\" alt=\"\" width=\"150\" height=\"150\" srcset=\"https:\/\/letempledubienetrechezsylvie.com\/wp-content\/uploads\/2018\/10\/images-s\u00e9minaires-150x150.jpg 150w, https:\/\/letempledubienetrechezsylvie.com\/wp-content\/uploads\/2018\/10\/images-s\u00e9minaires-100x100.jpg 100w\" sizes=\"(max-width: 150px) 100vw, 150px\" \/><\/p>\n<p style=\"text-align: center;\"><span style=\"color: #14b339;\"><strong><em>Coacher en l\u00e2cher pris<\/em><em>e vos salari\u00e9s d\u2019entreprise<\/em><\/strong><\/span><img decoding=\"async\" loading=\"lazy\" class=\"wp-image-566 size-thumbnail aligncenter\" src=\"http:\/\/letempledubienetrechezsylvie.com\/wp-content\/uploads\/2018\/10\/images-lacher-prise-150x150.jpg\" alt=\"\" width=\"150\" height=\"150\" srcset=\"https:\/\/letempledubienetrechezsylvie.com\/wp-content\/uploads\/2018\/10\/images-lacher-prise-150x150.jpg 150w, https:\/\/letempledubienetrechezsylvie.com\/wp-content\/uploads\/2018\/10\/images-lacher-prise-100x100.jpg 100w\" sizes=\"(max-width: 150px) 100vw, 150px\" \/><\/p>\n<p style=\"text-align: center;\"><span style=\"color: #ff00ff;\"><strong><em>Vos anniversaires<\/em><\/strong><\/span><img decoding=\"async\" loading=\"lazy\" class=\"wp-image-567 size-thumbnail aligncenter\" src=\"http:\/\/letempledubienetrechezsylvie.com\/wp-content\/uploads\/2018\/10\/image-anniv-150x150.jpg\" alt=\"\" width=\"150\" height=\"150\" srcset=\"https:\/\/letempledubienetrechezsylvie.com\/wp-content\/uploads\/2018\/10\/image-anniv-150x150.jpg 150w, https:\/\/letempledubienetrechezsylvie.com\/wp-content\/uploads\/2018\/10\/image-anniv-100x100.jpg 100w, https:\/\/letempledubienetrechezsylvie.com\/wp-content\/uploads\/2018\/10\/image-anniv.jpg 225w\" sizes=\"(max-width: 150px) 100vw, 150px\" \/><\/p>\n<p><em>Il est n\u00e9cessaire de pr\u00e9voir un lieu pour l\u2019installation de la table de massage.<\/em><\/p>\n<p><em>Contactez-moi pour toutes vos demandes (formules tarifaires, planning etc\u2026).<\/em><\/p>\n","protected":false},"excerpt":{"rendered":"<p>Aloha! Le \u00ab\u00a0Temple du bien-\u00eatre chez Sylvie\u00a0\u00bb se d\u00e9place! gr\u00e2ce \u00e0 ma \u00ab\u00a0Temple mobile\u00a0\u00bb je peux vous proposer des journ\u00e9es ou des apr\u00e8s-midi\u00a0 \u00ab\u00a0massage Hawa\u00efen Lomi-lomi\u00a0\u00bb pour vos \u00e9v\u00e9nements\u00a0! tels que: Vos s\u00e9minaires\u00a0 Coacher en l\u00e2cher prise vos salari\u00e9s d\u2019entreprise Vos anniversaires Il est n\u00e9cessaire de pr\u00e9voir un lieu pour l\u2019installation de la table de &hellip; <\/p>\n<p class=\"link-more\"><a href=\"https:\/\/letempledubienetrechezsylvie.com\/?page_id=559\" class=\"more-link\">Continuer la lecture<span class=\"screen-reader-text\"> de &laquo;&nbsp;Pour tous vos \u00e9v\u00e9nements&nbsp;&raquo;<\/span><\/a><\/p>\n","protected":false},"author":1,"featured_media":0,"parent":0,"menu_order":0,"comment_status":"closed","ping_status":"closed","template":"","meta":[],"_links":{"self":[{"href":"https:\/\/letempledubienetrechezsylvie.com\/index.php?rest_route=\/wp\/v2\/pages\/559"}],"collection":[{"href":"https:\/\/letempledubienetrechezsylvie.com\/index.php?rest_route=\/wp\/v2\/pages"}],"about":[{"href":"https:\/\/letempledubienetrechezsylvie.com\/index.php?rest_route=\/wp\/v2\/types\/page"}],"author":[{"embeddable":true,"href":"https:\/\/letempledubienetrechezsylvie.com\/index.php?rest_route=\/wp\/v2\/users\/1"}],"replies":[{"embeddable":true,"href":"https:\/\/letempledubienetrechezsylvie.com\/index.php?rest_route=%2Fwp%2Fv2%2Fcomments&post=559"}],"version-history":[{"count":12,"href":"https:\/\/letempledubienetrechezsylvie.com\/index.php?rest_route=\/wp\/v2\/pages\/559\/revisions"}],"predecessor-version":[{"id":925,"href":"https:\/\/letempledubienetrechezsylvie.com\/index.php?rest_route=\/wp\/v2\/pages\/559\/revisions\/925"}],"wp:attachment":[{"href":"https:\/\/letempledubienetrechezsylvie.com\/index.php?rest_route=%2Fwp%2Fv2%2Fmedia&parent=559"}],"curies":[{"name":"wp","href":"https:\/\/api.w.org\/{rel}","templated":true}]}}