{"id":1666,"date":"2024-11-07T13:01:34","date_gmt":"2024-11-07T12:01:34","guid":{"rendered":"https:\/\/letempledubienetrechezsylvie.com\/?page_id=1666"},"modified":"2025-03-06T16:58:12","modified_gmt":"2025-03-06T15:58:12","slug":"1666-2","status":"publish","type":"page","link":"https:\/\/letempledubienetrechezsylvie.com\/?page_id=1666","title":{"rendered":"\u00ab\u00a0SOIN-GUIDANCE D&rsquo;ACCOMPAGNEMENT\u00a0\u00bb"},"content":{"rendered":"<div class=\"wp-block-image\">\n<figure class=\"aligncenter size-large is-resized\"><img decoding=\"async\" loading=\"lazy\" src=\"https:\/\/letempledubienetrechezsylvie.com\/wp-content\/uploads\/2024\/11\/20241107_110515-1024x768.jpg\" alt=\"\" class=\"wp-image-1667\" width=\"341\" height=\"255\" srcset=\"https:\/\/letempledubienetrechezsylvie.com\/wp-content\/uploads\/2024\/11\/20241107_110515-1024x768.jpg 1024w, https:\/\/letempledubienetrechezsylvie.com\/wp-content\/uploads\/2024\/11\/20241107_110515-300x225.jpg 300w, https:\/\/letempledubienetrechezsylvie.com\/wp-content\/uploads\/2024\/11\/20241107_110515-768x576.jpg 768w, https:\/\/letempledubienetrechezsylvie.com\/wp-content\/uploads\/2024\/11\/20241107_110515-1536x1152.jpg 1536w, https:\/\/letempledubienetrechezsylvie.com\/wp-content\/uploads\/2024\/11\/20241107_110515-2048x1536.jpg 2048w\" sizes=\"(max-width: 341px) 100vw, 341px\" \/><\/figure><\/div>\n\n\n<h1 class=\"wp-block-heading has-text-align-center\"><strong>\u00ab\u00a0SOIN-GUIDANCE D&rsquo;ACCOMPAGNEMENT\u00a0\u00bb<\/strong><\/h1>\n\n\n\n<p class=\"has-pale-pink-color has-text-color has-medium-font-size\"><strong>En tant qu&rsquo;\u00e2me gu\u00e9risseuse ,  j&rsquo;ai le plaisir de vous proposer ce \u00ab\u00a0soin-guidance d&rsquo;accompagnement\u00a0\u00bb; j&rsquo;utilise mon \u00e9nergie de soin ainsi que mes cartes oracle pour vous aider \u00e0 aller de l&rsquo;avant, sur votre propre chemin; ce soin est d\u00e9di\u00e9 \u00e0 celles et ceux qui souhaitent mettre en lumi\u00e8re les \u00e9ventuels blocages inconscients qui se jouent en vous \u00e0 votre insu (blessures d&rsquo;\u00e2me, m\u00e9moires karmiques, transg\u00e9n\u00e9rationnelles, vies pass\u00e9es, etc&#8230;); nous poserons une intention qui permettra ensuite de d\u00e9cristalliser et lever ces blocages, afin d&rsquo;\u00eatre en phase avec vous-m\u00eame, et plus en paix.<\/strong> <\/p>\n\n\n\n<p class=\"has-text-align-center has-pale-pink-color has-text-color has-medium-font-size\"><strong>Demande de rendez-vous par e-mail ou t\u00e9l\u00e9phone.<\/strong><\/p>\n\n\n\n<p class=\"has-text-align-center has-pale-pink-background-color has-background has-medium-font-size\"><strong>60 minutes pour 60\u20ac<\/strong> <\/p>\n\n\n\n<p><\/p>\n\n\n\n<p class=\"has-vivid-red-color has-text-color\"><strong>NOTA: cette sc\u00e9ance n&rsquo;est nullement de la voyance et ne pr\u00e9dit pas l&rsquo;avenir; seul VOUS, avez le pouvoir de d\u00e9cider et de dessiner votre propre chemin.<\/strong><\/p>\n\n\n\n<p><\/p>\n","protected":false},"excerpt":{"rendered":"<p>\u00ab\u00a0SOIN-GUIDANCE D&rsquo;ACCOMPAGNEMENT\u00a0\u00bb En tant qu&rsquo;\u00e2me gu\u00e9risseuse , j&rsquo;ai le plaisir de vous proposer ce \u00ab\u00a0soin-guidance d&rsquo;accompagnement\u00a0\u00bb; j&rsquo;utilise mon \u00e9nergie de soin ainsi que mes cartes oracle pour vous aider \u00e0 aller de l&rsquo;avant, sur votre propre chemin; ce soin est d\u00e9di\u00e9 \u00e0 celles et ceux qui souhaitent mettre en lumi\u00e8re les \u00e9ventuels blocages inconscients qui &hellip; <\/p>\n<p class=\"link-more\"><a href=\"https:\/\/letempledubienetrechezsylvie.com\/?page_id=1666\" class=\"more-link\">Continuer la lecture<span class=\"screen-reader-text\"> de &laquo;&nbsp;\u00ab\u00a0SOIN-GUIDANCE D&rsquo;ACCOMPAGNEMENT\u00a0\u00bb&nbsp;&raquo;<\/span><\/a><\/p>\n","protected":false},"author":1,"featured_media":0,"parent":0,"menu_order":0,"comment_status":"closed","ping_status":"closed","template":"","meta":[],"_links":{"self":[{"href":"https:\/\/letempledubienetrechezsylvie.com\/index.php?rest_route=\/wp\/v2\/pages\/1666"}],"collection":[{"href":"https:\/\/letempledubienetrechezsylvie.com\/index.php?rest_route=\/wp\/v2\/pages"}],"about":[{"href":"https:\/\/letempledubienetrechezsylvie.com\/index.php?rest_route=\/wp\/v2\/types\/page"}],"author":[{"embeddable":true,"href":"https:\/\/letempledubienetrechezsylvie.com\/index.php?rest_route=\/wp\/v2\/users\/1"}],"replies":[{"embeddable":true,"href":"https:\/\/letempledubienetrechezsylvie.com\/index.php?rest_route=%2Fwp%2Fv2%2Fcomments&post=1666"}],"version-history":[{"count":25,"href":"https:\/\/letempledubienetrechezsylvie.com\/index.php?rest_route=\/wp\/v2\/pages\/1666\/revisions"}],"predecessor-version":[{"id":1803,"href":"https:\/\/letempledubienetrechezsylvie.com\/index.php?rest_route=\/wp\/v2\/pages\/1666\/revisions\/1803"}],"wp:attachment":[{"href":"https:\/\/letempledubienetrechezsylvie.com\/index.php?rest_route=%2Fwp%2Fv2%2Fmedia&parent=1666"}],"curies":[{"name":"wp","href":"https:\/\/api.w.org\/{rel}","templated":true}]}}