{"id":1614,"date":"2024-10-28T15:09:15","date_gmt":"2024-10-28T14:09:15","guid":{"rendered":"https:\/\/letempledubienetrechezsylvie.com\/?page_id=1614"},"modified":"2025-12-04T20:23:16","modified_gmt":"2025-12-04T19:23:16","slug":"meditation-de-pleine-conscience","status":"publish","type":"page","link":"https:\/\/letempledubienetrechezsylvie.com\/?page_id=1614","title":{"rendered":"Un instant que pour vous&#8230;"},"content":{"rendered":"\n<h2 class=\"wp-block-heading has-text-align-center has-vivid-cyan-blue-color has-text-color\"><strong>IMMERSION DANS LA FOR\u00caT HAWA\u00cfENNE DE MAUI<\/strong><\/h2>\n\n\n\n<figure class=\"wp-block-embed is-type-video is-provider-youtube wp-block-embed-youtube wp-embed-aspect-16-9 wp-has-aspect-ratio\"><div class=\"wp-block-embed__wrapper\">\n<iframe loading=\"lazy\" title=\"Immersion dans la for\u00eat Hawa\u00efenne de Maui by Le Temple du bien-\u00eatre chez Sylvie\" width=\"525\" height=\"295\" src=\"https:\/\/www.youtube.com\/embed\/5FaWsLRvz8I?feature=oembed\" frameborder=\"0\" allow=\"accelerometer; autoplay; clipboard-write; encrypted-media; gyroscope; picture-in-picture; web-share\" referrerpolicy=\"strict-origin-when-cross-origin\" allowfullscreen><\/iframe>\n<\/div><\/figure>\n\n\n\n<figure class=\"wp-block-embed is-type-video is-provider-youtube wp-block-embed-youtube wp-embed-aspect-4-3 wp-has-aspect-ratio\"><div class=\"wp-block-embed__wrapper\">\n<iframe loading=\"lazy\" title=\"M\u00e9ditation de pleine conscience by Le Temple du bien-\u00eatre chez Sylvie: le ici et maintenant\" width=\"525\" height=\"394\" src=\"https:\/\/www.youtube.com\/embed\/64QNoSctnds?feature=oembed\" frameborder=\"0\" allow=\"accelerometer; autoplay; clipboard-write; encrypted-media; gyroscope; picture-in-picture; web-share\" referrerpolicy=\"strict-origin-when-cross-origin\" allowfullscreen><\/iframe>\n<\/div><\/figure>\n\n\n\n<p>&#8212;&#8212;&#8212;&#8212;&#8212;&#8212;&#8212;&#8212;&#8212;&#8212;&#8212;&#8212;&#8212;&#8212;&#8212;&#8212;&#8212;&#8212;&#8212;&#8212;&#8212;&#8212;&#8212;&#8212;&#8212;&#8212;&#8212;&#8212;&#8212;&#8212;&#8212;&#8212;&#8212;&#8212;&#8212;&#8212;&#8211;<\/p>\n\n\n\n<div class=\"wp-block-media-text alignwide is-stacked-on-mobile\"><figure class=\"wp-block-media-text__media\"><img decoding=\"async\" loading=\"lazy\" width=\"827\" height=\"1024\" src=\"https:\/\/letempledubienetrechezsylvie.com\/wp-content\/uploads\/2025\/05\/IMAGE-7-LOIS-NATURELLES-1-827x1024.jpg\" alt=\"\" class=\"wp-image-1903 size-full\" srcset=\"https:\/\/letempledubienetrechezsylvie.com\/wp-content\/uploads\/2025\/05\/IMAGE-7-LOIS-NATURELLES-1-827x1024.jpg 827w, https:\/\/letempledubienetrechezsylvie.com\/wp-content\/uploads\/2025\/05\/IMAGE-7-LOIS-NATURELLES-1-242x300.jpg 242w, https:\/\/letempledubienetrechezsylvie.com\/wp-content\/uploads\/2025\/05\/IMAGE-7-LOIS-NATURELLES-1-768x951.jpg 768w, https:\/\/letempledubienetrechezsylvie.com\/wp-content\/uploads\/2025\/05\/IMAGE-7-LOIS-NATURELLES-1.jpg 903w\" sizes=\"(max-width: 767px) 89vw, (max-width: 1000px) 54vw, (max-width: 1071px) 543px, 580px\" \/><\/figure><div class=\"wp-block-media-text__content\">\n<p class=\"has-vivid-green-cyan-color has-text-color has-medium-font-size\"><strong>AUDIO HUNA, <em>les 7 lois naturelles Hawa\u00efen<\/em>nes<\/strong><\/p>\n\n\n\n<figure class=\"wp-block-embed is-type-video is-provider-youtube wp-block-embed-youtube wp-embed-aspect-4-3 wp-has-aspect-ratio\"><div class=\"wp-block-embed__wrapper\">\n<iframe loading=\"lazy\" title=\"Extrait audio m\u00e9ditatif: les 7 lois naturelles Hawa\u00efennes appel\u00e9es &quot;Huna&quot;\" width=\"525\" height=\"394\" src=\"https:\/\/www.youtube.com\/embed\/JW85Z8ReoH0?feature=oembed\" frameborder=\"0\" allow=\"accelerometer; autoplay; clipboard-write; encrypted-media; gyroscope; picture-in-picture; web-share\" referrerpolicy=\"strict-origin-when-cross-origin\" allowfullscreen><\/iframe>\n<\/div><\/figure>\n<\/div><\/div>\n\n\n\n<div class=\"wp-block-group is-layout-constrained\"><div class=\"wp-block-group__inner-container\">\n<div class=\"wp-block-group is-layout-constrained\"><div class=\"wp-block-group__inner-container\">\n<div class=\"wp-block-group is-content-justification-space-between is-nowrap is-layout-flex wp-container-6\">\n<div class=\"wp-block-group is-layout-constrained\"><div class=\"wp-block-group__inner-container\">\n<div class=\"wp-block-group has-medium-font-size is-layout-constrained\"><div class=\"wp-block-group__inner-container\">\n<div class=\"wp-block-group is-layout-constrained\"><div class=\"wp-block-group__inner-container\">\n<div class=\"wp-block-group is-layout-constrained\"><div class=\"wp-block-group__inner-container\">\n<div class=\"wp-block-group is-layout-constrained\"><div class=\"wp-block-group__inner-container\">\n<p class=\"has-text-align-center has-vivid-green-cyan-color has-white-background-color has-text-color has-background\"><strong>Audio m\u00e9ditatif de pl\u00e9nitude et de purification de nos m\u00e9moires, made by Sylvie<\/strong>\ud83c\udf3a<strong>Me contacter afin de re\u00e7evoir le lien de t\u00e9l\u00e9chargement :<\/strong> <strong>20 minutes  22\u20ac<\/strong><\/p>\n<\/div><\/div>\n<\/div><\/div>\n<\/div><\/div>\n<\/div><\/div>\n<\/div><\/div>\n<\/div>\n<\/div><\/div>\n<\/div><\/div>\n","protected":false},"excerpt":{"rendered":"<p>IMMERSION DANS LA FOR\u00caT HAWA\u00cfENNE DE MAUI &#8212;&#8212;&#8212;&#8212;&#8212;&#8212;&#8212;&#8212;&#8212;&#8212;&#8212;&#8212;&#8212;&#8212;&#8212;&#8212;&#8212;&#8212;&#8212;&#8212;&#8212;&#8212;&#8212;&#8212;&#8212;&#8212;&#8212;&#8212;&#8212;&#8212;&#8212;&#8212;&#8212;&#8212;&#8212;&#8212;&#8211; Audio m\u00e9ditatif de pl\u00e9nitude et de purification de nos m\u00e9moires, made by Sylvie\ud83c\udf3aMe contacter afin de re\u00e7evoir le lien de t\u00e9l\u00e9chargement : 20 minutes 22\u20ac<\/p>\n","protected":false},"author":1,"featured_media":0,"parent":0,"menu_order":0,"comment_status":"closed","ping_status":"closed","template":"","meta":[],"_links":{"self":[{"href":"https:\/\/letempledubienetrechezsylvie.com\/index.php?rest_route=\/wp\/v2\/pages\/1614"}],"collection":[{"href":"https:\/\/letempledubienetrechezsylvie.com\/index.php?rest_route=\/wp\/v2\/pages"}],"about":[{"href":"https:\/\/letempledubienetrechezsylvie.com\/index.php?rest_route=\/wp\/v2\/types\/page"}],"author":[{"embeddable":true,"href":"https:\/\/letempledubienetrechezsylvie.com\/index.php?rest_route=\/wp\/v2\/users\/1"}],"replies":[{"embeddable":true,"href":"https:\/\/letempledubienetrechezsylvie.com\/index.php?rest_route=%2Fwp%2Fv2%2Fcomments&post=1614"}],"version-history":[{"count":24,"href":"https:\/\/letempledubienetrechezsylvie.com\/index.php?rest_route=\/wp\/v2\/pages\/1614\/revisions"}],"predecessor-version":[{"id":2027,"href":"https:\/\/letempledubienetrechezsylvie.com\/index.php?rest_route=\/wp\/v2\/pages\/1614\/revisions\/2027"}],"wp:attachment":[{"href":"https:\/\/letempledubienetrechezsylvie.com\/index.php?rest_route=%2Fwp%2Fv2%2Fmedia&parent=1614"}],"curies":[{"name":"wp","href":"https:\/\/api.w.org\/{rel}","templated":true}]}}