{"id":144,"date":"2017-12-29T18:27:37","date_gmt":"2017-12-29T17:27:37","guid":{"rendered":"http:\/\/letempledubienetrechezsylvie.com\/?page_id=144"},"modified":"2026-02-18T17:35:04","modified_gmt":"2026-02-18T16:35:04","slug":"aloha-2","status":"publish","type":"page","link":"https:\/\/letempledubienetrechezsylvie.com\/","title":{"rendered":""},"content":{"rendered":"\n<div class=\"wp-block-group is-layout-constrained\"><div class=\"wp-block-group__inner-container\">\n<h2 class=\"wp-block-heading has-text-align-center has-pale-pink-color has-white-background-color has-text-color has-background has-large-font-size\" style=\"font-style:normal;font-weight:700;text-transform:capitalize\">Aloha!<\/h2>\n<\/div><\/div>\n\n\n\n<div class=\"wp-block-group is-layout-constrained\"><div class=\"wp-block-group__inner-container\">\n<h3 class=\"wp-block-heading has-text-align-center has-vivid-cyan-blue-color has-text-color has-large-font-size\"><strong><em>Bienvenue au \u00ab\u00a0Temple du bien-\u00eatre chez Sylvie\u00a0\u00bb \u00e0 Argel\u00e8s-sur-mer (66), au coeur du village !<\/em><\/strong><\/h3>\n\n\n\n<h3 class=\"wp-block-heading has-text-align-center has-vivid-cyan-blue-color has-text-color has-large-font-size\">   <strong> Paix, Amour et Lumi\u00e8re sur tous<\/strong> <strong><em> !<\/em><\/strong><\/h3>\n<\/div><\/div>\n\n\n\n<div class=\"wp-block-group alignwide is-layout-flow\"><div class=\"wp-block-group__inner-container\">\n<div class=\"wp-block-group alignwide is-layout-flow\"><div class=\"wp-block-group__inner-container\">\n<div class=\"wp-block-group alignwide is-layout-flow\"><div class=\"wp-block-group__inner-container\">\n<div class=\"wp-block-group alignwide is-layout-flow\"><div class=\"wp-block-group__inner-container\">\n<div class=\"wp-block-group alignwide is-layout-constrained\"><div class=\"wp-block-group__inner-container\">\n<div class=\"wp-block-group alignwide is-layout-constrained\"><div class=\"wp-block-group__inner-container\">\n<div class=\"wp-block-media-text alignwide is-vertically-aligned-center is-image-fill\" style=\"grid-template-columns:15% auto\"><figure class=\"wp-block-media-text__media\" style=\"background-image:url(https:\/\/letempledubienetrechezsylvie.com\/wp-content\/uploads\/2025\/02\/ALOHA-ACCUEIL-FEE-1.jpg);background-position:89% 15%\"><a href=\"https:\/\/letempledubienetrechezsylvie.com\/?page_id=295\"><img decoding=\"async\" loading=\"lazy\" width=\"960\" height=\"720\" src=\"https:\/\/letempledubienetrechezsylvie.com\/wp-content\/uploads\/2025\/02\/ALOHA-ACCUEIL-FEE-1.jpg\" alt=\"\" class=\"wp-image-1755 size-full\" srcset=\"https:\/\/letempledubienetrechezsylvie.com\/wp-content\/uploads\/2025\/02\/ALOHA-ACCUEIL-FEE-1.jpg 960w, https:\/\/letempledubienetrechezsylvie.com\/wp-content\/uploads\/2025\/02\/ALOHA-ACCUEIL-FEE-1-300x225.jpg 300w, https:\/\/letempledubienetrechezsylvie.com\/wp-content\/uploads\/2025\/02\/ALOHA-ACCUEIL-FEE-1-768x576.jpg 768w\" sizes=\"(max-width: 767px) 89vw, (max-width: 1000px) 54vw, (max-width: 1071px) 543px, 580px\" \/><\/a><\/figure><div class=\"wp-block-media-text__content\">\n<div class=\"wp-block-group is-layout-constrained\"><div class=\"wp-block-group__inner-container\">\n<figure class=\"wp-block-image size-full\"><img decoding=\"async\" loading=\"lazy\" width=\"1020\" height=\"720\" src=\"https:\/\/letempledubienetrechezsylvie.com\/wp-content\/uploads\/2025\/11\/ALOHA-ACCUEIL-FEE.jpg\" alt=\"\" class=\"wp-image-2009\" srcset=\"https:\/\/letempledubienetrechezsylvie.com\/wp-content\/uploads\/2025\/11\/ALOHA-ACCUEIL-FEE.jpg 1020w, https:\/\/letempledubienetrechezsylvie.com\/wp-content\/uploads\/2025\/11\/ALOHA-ACCUEIL-FEE-300x212.jpg 300w, https:\/\/letempledubienetrechezsylvie.com\/wp-content\/uploads\/2025\/11\/ALOHA-ACCUEIL-FEE-768x542.jpg 768w\" sizes=\"(max-width: 767px) 89vw, (max-width: 1000px) 54vw, (max-width: 1071px) 543px, 580px\" \/><\/figure>\n\n\n\n<h1 class=\"wp-block-heading has-text-align-center has-vivid-red-color has-text-color\"><strong><em><mark style=\"background-color:rgba(0, 0, 0, 0)\" class=\"has-inline-color has-vivid-red-color\">Bons cadeaux\/ch\u00e8ques cadeaux disponibles en cliquant sur l&rsquo;image-coeur<\/mark><mark style=\"background-color:rgba(0, 0, 0, 0)\" class=\"has-inline-color has-vivid-cyan-blue-color\"> <\/mark><mark style=\"background-color:rgba(0, 0, 0, 0)\" class=\"has-inline-color has-vivid-red-color\">:<\/mark><\/em><\/strong><\/h1>\n\n\n<div class=\"wp-block-image\">\n<figure class=\"aligncenter size-large is-resized\"><a href=\"https:\/\/letempledubienetrechezsylvie.com\/?page_id=295\"><img decoding=\"async\" loading=\"lazy\" src=\"http:\/\/letempledubienetrechezsylvie.com\/wp-content\/uploads\/2022\/02\/Coeur-cadeau-avec-noeud-satin.jpg\" alt=\"\" class=\"wp-image-1192\" width=\"160\" height=\"140\"\/><\/a><\/figure><\/div>\n\n\n<h4 class=\"wp-block-heading has-text-align-left has-vivid-cyan-blue-color has-text-color\">NO<mark style=\"background-color:rgba(0, 0, 0, 0)\" class=\"has-inline-color has-vivid-cyan-blue-color\">TA<\/mark><strong><mark style=\"background-color:rgba(0, 0, 0, 0)\" class=\"has-inline-color has-vivid-cyan-blue-color\">: Mes soins \u00e9nerg\u00e9tiques et mon massage s&rsquo;adressent \u00e0 toutes les personnes qui souhaitent \u00e9voluer sur leur chemin de vie; de 6 ans \u00e0 177 ans!<\/mark><\/strong>\ud83d\ude09\ud83e\udd19<mark style=\"background-color:rgba(0, 0, 0, 0)\" class=\"has-inline-color has-vivid-cyan-blue-color\">Pas s\u00e9rieux s&rsquo;abstenir<\/mark><strong><mark style=\"background-color:rgba(0, 0, 0, 0)\" class=\"has-inline-color has-vivid-cyan-blue-color\">.<\/mark><\/strong> <\/h4>\n\n\n\n<h2 class=\"wp-block-heading has-text-align-left has-vivid-cyan-blue-color has-text-color\"><strong>Bienvenue aux futures Mamans<\/strong> ! <strong>car la douceur est conseill\u00e9e!<\/strong>\ud83c\udf08<\/h2>\n<\/div><\/div>\n\n\n\n<figure class=\"wp-block-embed is-type-video is-provider-youtube wp-block-embed-youtube wp-embed-aspect-4-3 wp-has-aspect-ratio\"><div class=\"wp-block-embed__wrapper\">\n<iframe loading=\"lazy\" title=\"Le Temple &quot;Aloha&quot; \u00e0 Argel\u00e8s sur mer\" width=\"525\" height=\"394\" src=\"https:\/\/www.youtube.com\/embed\/5OEoEhI5VRU?feature=oembed\" frameborder=\"0\" allow=\"accelerometer; autoplay; clipboard-write; encrypted-media; gyroscope; picture-in-picture; web-share\" referrerpolicy=\"strict-origin-when-cross-origin\" allowfullscreen><\/iframe>\n<\/div><\/figure>\n\n\n\n<p><\/p>\n<\/div><\/div>\n<\/div><\/div>\n<\/div><\/div>\n<\/div><\/div>\n<\/div><\/div>\n<\/div><\/div>\n<\/div><\/div>\n\n\n\n<h2 class=\"wp-block-heading has-text-align-center\"><mark style=\"background-color:rgba(0, 0, 0, 0)\" class=\"has-inline-color has-vivid-red-color\"><em><strong>Pour me contacter ou r\u00e9server votre \u00e9vasion:<\/strong><\/em><\/mark><\/h2>\n\n\n\n<p class=\"has-text-align-center has-black-color has-luminous-dusk-gradient-background has-text-color has-background\" style=\"font-size:23px\"><strong>-Par t\u00e9l\u00e9phone  : 07.83.25.70.84<\/strong><\/p>\n\n\n\n<p class=\"has-text-align-center has-black-color has-cool-to-warm-spectrum-gradient-background has-text-color has-background\" style=\"font-size:23px\"><strong>-Par e-mail : letempledubienetre07@gmail.com<\/strong><\/p>\n\n\n\n<p class=\"has-text-align-center has-black-color has-luminous-dusk-gradient-background has-text-color has-background\" style=\"font-size:23px\"><strong>-En remplissant le formulaire suivant : <\/strong><\/p>\n\n\n\n<iframe loading=\"lazy\" src=\"https:\/\/docs.google.com\/forms\/d\/e\/1FAIpQLScpDrVVolaLHLahbfB69DE0RyzDA_83JtTE7z-9yYkdC_a3pg\/viewform?embedded=true\" width=\"640\" height=\"999\" frameborder=\"0\" marginheight=\"0\" marginwidth=\"0\">Chargement\u2026<\/iframe>\n\n\n\n<p><strong>Localisez-moi :<\/strong><\/p>\n\n\n\n<figure><iframe src=\"https:\/\/www.google.com\/maps\/embed?pb=!1m18!1m12!1m3!1d2939.352544199623!2d3.021081115131947!3d42.54780647917476!2m3!1f0!2f0!3f0!3m2!1i1024!2i768!4f13.1!3m3!1m2!1s0x12b07f29777578f7%3A0xbc18c0842ec9aefb!2s28%20Rue%20des%20Remparts%2C%2066700%20Argel%C3%A8s-sur-Mer!5e0!3m2!1sfr!2sfr!4v1633356846715!5m2!1sfr!2sfr\" width=\"600\" height=\"450\" style=\"border:0;\" allowfullscreen=\"\" loading=\"lazy\">allowfullscreen=\u00a0\u00bballowfullscreen\u00a0\u00bb><\/iframe><\/figure>\n\n\n<div class=\"wp-block-image\">\n<figure class=\"aligncenter size-medium is-resized\"><img decoding=\"async\" src=\"https:\/\/letempledubienetrechezsylvie.com\/wp-content\/uploads\/2021\/10\/20211023_183803-300x169.jpg\" alt=\"\" class=\"wp-image-1076\" width=\"192\" srcset=\"https:\/\/letempledubienetrechezsylvie.com\/wp-content\/uploads\/2021\/10\/20211023_183803-300x169.jpg 300w, https:\/\/letempledubienetrechezsylvie.com\/wp-content\/uploads\/2021\/10\/20211023_183803-1024x576.jpg 1024w, https:\/\/letempledubienetrechezsylvie.com\/wp-content\/uploads\/2021\/10\/20211023_183803-768x432.jpg 768w, https:\/\/letempledubienetrechezsylvie.com\/wp-content\/uploads\/2021\/10\/20211023_183803-1536x864.jpg 1536w, https:\/\/letempledubienetrechezsylvie.com\/wp-content\/uploads\/2021\/10\/20211023_183803-2048x1152.jpg 2048w\" sizes=\"(max-width: 300px) 100vw, 300px\" \/><\/figure><\/div>\n\n\n<h2 class=\"wp-block-heading\"><\/h2>\n","protected":false},"excerpt":{"rendered":"<p>Aloha! Bienvenue au \u00ab\u00a0Temple du bien-\u00eatre chez Sylvie\u00a0\u00bb \u00e0 Argel\u00e8s-sur-mer (66), au coeur du village ! Paix, Amour et Lumi\u00e8re sur tous ! Bons cadeaux\/ch\u00e8ques cadeaux disponibles en cliquant sur l&rsquo;image-coeur : NOTA: Mes soins \u00e9nerg\u00e9tiques et mon massage s&rsquo;adressent \u00e0 toutes les personnes qui souhaitent \u00e9voluer sur leur chemin de vie; de 6 ans &hellip; <\/p>\n<p class=\"link-more\"><a href=\"https:\/\/letempledubienetrechezsylvie.com\/\" class=\"more-link\">Continuer la lecture<span class=\"screen-reader-text\"> de &laquo;&nbsp;&nbsp;&raquo;<\/span><\/a><\/p>\n","protected":false},"author":1,"featured_media":1696,"parent":295,"menu_order":0,"comment_status":"closed","ping_status":"closed","template":"","meta":[],"_links":{"self":[{"href":"https:\/\/letempledubienetrechezsylvie.com\/index.php?rest_route=\/wp\/v2\/pages\/144"}],"collection":[{"href":"https:\/\/letempledubienetrechezsylvie.com\/index.php?rest_route=\/wp\/v2\/pages"}],"about":[{"href":"https:\/\/letempledubienetrechezsylvie.com\/index.php?rest_route=\/wp\/v2\/types\/page"}],"author":[{"embeddable":true,"href":"https:\/\/letempledubienetrechezsylvie.com\/index.php?rest_route=\/wp\/v2\/users\/1"}],"replies":[{"embeddable":true,"href":"https:\/\/letempledubienetrechezsylvie.com\/index.php?rest_route=%2Fwp%2Fv2%2Fcomments&post=144"}],"version-history":[{"count":194,"href":"https:\/\/letempledubienetrechezsylvie.com\/index.php?rest_route=\/wp\/v2\/pages\/144\/revisions"}],"predecessor-version":[{"id":2081,"href":"https:\/\/letempledubienetrechezsylvie.com\/index.php?rest_route=\/wp\/v2\/pages\/144\/revisions\/2081"}],"up":[{"embeddable":true,"href":"https:\/\/letempledubienetrechezsylvie.com\/index.php?rest_route=\/wp\/v2\/pages\/295"}],"wp:featuredmedia":[{"embeddable":true,"href":"https:\/\/letempledubienetrechezsylvie.com\/index.php?rest_route=\/wp\/v2\/media\/1696"}],"wp:attachment":[{"href":"https:\/\/letempledubienetrechezsylvie.com\/index.php?rest_route=%2Fwp%2Fv2%2Fmedia&parent=144"}],"curies":[{"name":"wp","href":"https:\/\/api.w.org\/{rel}","templated":true}]}}